{"id":53,"date":"2024-10-01T11:28:33","date_gmt":"2024-10-01T09:28:33","guid":{"rendered":"http:\/\/virginiekindt.com\/?page_id=53"},"modified":"2024-10-04T16:55:24","modified_gmt":"2024-10-04T14:55:24","slug":"accueil","status":"publish","type":"page","link":"https:\/\/virginiekindt.com\/","title":{"rendered":"Accueil"},"content":{"rendered":"\t\t<div data-elementor-type=\"wp-page\" data-elementor-id=\"53\" class=\"elementor elementor-53\">\n\t\t\t\t<div class=\"elementor-element elementor-element-7f845a67 e-flex e-con-boxed e-con e-parent\" data-id=\"7f845a67\" data-element_type=\"container\">\n\t\t\t\t\t<div class=\"e-con-inner\">\n\t\t\t\t<div class=\"elementor-element elementor-element-5e9ba445 elementor-widget elementor-widget-text-editor\" data-id=\"5e9ba445\" data-element_type=\"widget\" data-widget_type=\"text-editor.default\">\n\t\t\t\t<div class=\"elementor-widget-container\">\n\t\t\t\t\t\t\t<p><!-- wp:image {\"id\":23,\"width\":\"142px\",\"height\":\"auto\",\"align\":\"center\",\"className\":\"is-style-rounded\"} --><\/p>\n<figure class=\"wp-block-image aligncenter is-resized is-style-rounded\"><img decoding=\"async\" class=\"wp-image-123 aligncenter\" src=\"http:\/\/virginiekindt.com\/wp-content\/uploads\/2024\/10\/virginie-kindt-300x300.png\" alt=\"\" width=\"137\" height=\"137\" srcset=\"https:\/\/virginiekindt.com\/wp-content\/uploads\/2024\/10\/virginie-kindt-300x300.png 300w, https:\/\/virginiekindt.com\/wp-content\/uploads\/2024\/10\/virginie-kindt-1024x1024.png 1024w, https:\/\/virginiekindt.com\/wp-content\/uploads\/2024\/10\/virginie-kindt-150x150.png 150w, https:\/\/virginiekindt.com\/wp-content\/uploads\/2024\/10\/virginie-kindt-768x768.png 768w, https:\/\/virginiekindt.com\/wp-content\/uploads\/2024\/10\/virginie-kindt-60x60.png 60w, https:\/\/virginiekindt.com\/wp-content\/uploads\/2024\/10\/virginie-kindt-800x800.png 800w, https:\/\/virginiekindt.com\/wp-content\/uploads\/2024\/10\/virginie-kindt.png 1080w\" sizes=\"(max-width: 137px) 100vw, 137px\" \/><\/figure>\n<p><!-- \/wp:image --><!-- wp:paragraph --><\/p>\n<h2><span style=\"vertical-align: inherit;\"><span style=\"vertical-align: inherit;\">Virginie Kindt<\/span><\/span><\/h2>\n<h4>Designer graphique en Corse-du-Sud<\/h4>\n<h4><span style=\"color: #000000; font-size: 14px; font-weight: 300;\">Je m&#8217;appelle Virginie, passionn\u00e9e et perfectionniste dans le domaine de la communication visuelle. Forte d&#8217;une solide exp\u00e9rience dans le domaine du graphisme, j&#8217;aime avant tout donner vie \u00e0 des id\u00e9es et cr\u00e9er des univers visuels uniques. Mon travail consiste \u00e0 la cr\u00e9ation de logos, d\u2019identit\u00e9s visuelles, de supports de communication imprim\u00e9s, de vid\u00e9os motion design, de retouches photos, et de web design. Gr\u00e2ce \u00e0 mon sens aigu du d\u00e9tail et ma capacit\u00e9 \u00e0 comprendre les go\u00fbts et les besoins de mes clients, je m&#8217;efforce toujours de proposer des cr\u00e9ations qui refl\u00e8tent parfaitement leur identit\u00e9.<\/span><\/h4>\n<p><!-- \/wp:paragraph --><\/p>\t\t\t\t\t\t<\/div>\n\t\t\t\t<\/div>\n\t\t\t\t\t<\/div>\n\t\t\t\t<\/div>\n\t\t<div class=\"elementor-element elementor-element-608fe88 e-flex e-con-boxed e-con e-parent\" data-id=\"608fe88\" data-element_type=\"container\">\n\t\t\t\t\t<div class=\"e-con-inner\">\n\t\t\t\t<div class=\"elementor-element elementor-element-a2239e6 elementor-widget elementor-widget-heading\" data-id=\"a2239e6\" data-element_type=\"widget\" data-widget_type=\"heading.default\">\n\t\t\t\t<div class=\"elementor-widget-container\">\n\t\t\t<h2 class=\"elementor-heading-title elementor-size-default\">Portfolio<\/h2>\t\t<\/div>\n\t\t\t\t<\/div>\n\t\t<div class=\"elementor-element elementor-element-246f3ec e-grid e-con-full e-con e-child\" data-id=\"246f3ec\" data-element_type=\"container\">\n\t\t\t\t<div class=\"elementor-element elementor-element-76b974a elementor-widget elementor-widget-image\" data-id=\"76b974a\" data-element_type=\"widget\" data-widget_type=\"image.default\">\n\t\t\t\t<div class=\"elementor-widget-container\">\n\t\t\t\t\t\t\t\t\t\t\t\t\t<img fetchpriority=\"high\" decoding=\"async\" width=\"1024\" height=\"724\" src=\"https:\/\/virginiekindt.com\/wp-content\/uploads\/2024\/10\/logo-biancaalessandri-site-1024x724.jpg\" class=\"attachment-large size-large wp-image-116\" alt=\"Cr\u00e9ation d&#039;un logotype pour la talentueuse Bianca Alessandri, photographe Corse sp\u00e9cialis\u00e9e dans la joaillerie.\" srcset=\"http:\/\/virginiekindt.com\/wp-content\/uploads\/2024\/10\/logo-biancaalessandri-site-1024x724.jpg 1024w, http:\/\/virginiekindt.com\/wp-content\/uploads\/2024\/10\/logo-biancaalessandri-site-300x212.jpg 300w, http:\/\/virginiekindt.com\/wp-content\/uploads\/2024\/10\/logo-biancaalessandri-site-768x543.jpg 768w, http:\/\/virginiekindt.com\/wp-content\/uploads\/2024\/10\/logo-biancaalessandri-site-1536x1086.jpg 1536w, http:\/\/virginiekindt.com\/wp-content\/uploads\/2024\/10\/logo-biancaalessandri-site-2048x1448.jpg 2048w, http:\/\/virginiekindt.com\/wp-content\/uploads\/2024\/10\/logo-biancaalessandri-site-85x60.jpg 85w\" sizes=\"(max-width: 1024px) 100vw, 1024px\" \/>\t\t\t\t\t\t\t\t\t\t\t\t\t<\/div>\n\t\t\t\t<\/div>\n\t\t\t\t<div class=\"elementor-element elementor-element-872c2bf elementor-widget elementor-widget-image\" data-id=\"872c2bf\" data-element_type=\"widget\" data-widget_type=\"image.default\">\n\t\t\t\t<div class=\"elementor-widget-container\">\n\t\t\t\t\t\t\t\t\t\t\t\t\t<img decoding=\"async\" src=\"https:\/\/virginiekindt.com\/wp-content\/plugins\/elementor\/assets\/images\/placeholder.png\" title=\"\" alt=\"\" loading=\"lazy\" \/>\t\t\t\t\t\t\t\t\t\t\t\t\t<\/div>\n\t\t\t\t<\/div>\n\t\t\t\t<div class=\"elementor-element elementor-element-dbbd00f elementor-widget elementor-widget-image\" data-id=\"dbbd00f\" data-element_type=\"widget\" data-widget_type=\"image.default\">\n\t\t\t\t<div class=\"elementor-widget-container\">\n\t\t\t\t\t\t\t\t\t\t\t\t\t<img decoding=\"async\" src=\"https:\/\/virginiekindt.com\/wp-content\/plugins\/elementor\/assets\/images\/placeholder.png\" title=\"\" alt=\"\" loading=\"lazy\" \/>\t\t\t\t\t\t\t\t\t\t\t\t\t<\/div>\n\t\t\t\t<\/div>\n\t\t\t\t<div class=\"elementor-element elementor-element-eef8023 elementor-widget elementor-widget-image\" data-id=\"eef8023\" data-element_type=\"widget\" data-widget_type=\"image.default\">\n\t\t\t\t<div class=\"elementor-widget-container\">\n\t\t\t\t\t\t\t\t\t\t\t\t\t<img decoding=\"async\" src=\"https:\/\/virginiekindt.com\/wp-content\/plugins\/elementor\/assets\/images\/placeholder.png\" title=\"\" alt=\"\" loading=\"lazy\" \/>\t\t\t\t\t\t\t\t\t\t\t\t\t<\/div>\n\t\t\t\t<\/div>\n\t\t\t\t<div class=\"elementor-element elementor-element-c99ce14 elementor-widget elementor-widget-image\" data-id=\"c99ce14\" data-element_type=\"widget\" data-widget_type=\"image.default\">\n\t\t\t\t<div class=\"elementor-widget-container\">\n\t\t\t\t\t\t\t\t\t\t\t\t\t<img decoding=\"async\" src=\"https:\/\/virginiekindt.com\/wp-content\/plugins\/elementor\/assets\/images\/placeholder.png\" title=\"\" alt=\"\" loading=\"lazy\" \/>\t\t\t\t\t\t\t\t\t\t\t\t\t<\/div>\n\t\t\t\t<\/div>\n\t\t\t\t<div class=\"elementor-element elementor-element-2a945d2 elementor-widget elementor-widget-image\" data-id=\"2a945d2\" data-element_type=\"widget\" data-widget_type=\"image.default\">\n\t\t\t\t<div class=\"elementor-widget-container\">\n\t\t\t\t\t\t\t\t\t\t\t\t\t<img decoding=\"async\" src=\"https:\/\/virginiekindt.com\/wp-content\/plugins\/elementor\/assets\/images\/placeholder.png\" title=\"\" alt=\"\" loading=\"lazy\" \/>\t\t\t\t\t\t\t\t\t\t\t\t\t<\/div>\n\t\t\t\t<\/div>\n\t\t\t\t<div class=\"elementor-element elementor-element-7767529 elementor-widget elementor-widget-image\" data-id=\"7767529\" data-element_type=\"widget\" data-widget_type=\"image.default\">\n\t\t\t\t<div class=\"elementor-widget-container\">\n\t\t\t\t\t\t\t\t\t\t\t\t\t<img decoding=\"async\" src=\"https:\/\/virginiekindt.com\/wp-content\/plugins\/elementor\/assets\/images\/placeholder.png\" title=\"\" alt=\"\" loading=\"lazy\" \/>\t\t\t\t\t\t\t\t\t\t\t\t\t<\/div>\n\t\t\t\t<\/div>\n\t\t\t\t<div class=\"elementor-element elementor-element-228ae7d elementor-widget elementor-widget-image\" data-id=\"228ae7d\" data-element_type=\"widget\" data-widget_type=\"image.default\">\n\t\t\t\t<div class=\"elementor-widget-container\">\n\t\t\t\t\t\t\t\t\t\t\t\t\t<img decoding=\"async\" src=\"https:\/\/virginiekindt.com\/wp-content\/plugins\/elementor\/assets\/images\/placeholder.png\" title=\"\" alt=\"\" loading=\"lazy\" \/>\t\t\t\t\t\t\t\t\t\t\t\t\t<\/div>\n\t\t\t\t<\/div>\n\t\t\t\t<div class=\"elementor-element elementor-element-84cb355 elementor-widget elementor-widget-image\" data-id=\"84cb355\" data-element_type=\"widget\" data-widget_type=\"image.default\">\n\t\t\t\t<div class=\"elementor-widget-container\">\n\t\t\t\t\t\t\t\t\t\t\t\t\t<img decoding=\"async\" src=\"https:\/\/virginiekindt.com\/wp-content\/plugins\/elementor\/assets\/images\/placeholder.png\" title=\"\" alt=\"\" loading=\"lazy\" \/>\t\t\t\t\t\t\t\t\t\t\t\t\t<\/div>\n\t\t\t\t<\/div>\n\t\t\t\t<\/div>\n\t\t\t\t\t<\/div>\n\t\t\t\t<\/div>\n\t\t<div class=\"elementor-element elementor-element-4898a27 e-flex e-con-boxed e-con e-parent\" data-id=\"4898a27\" data-element_type=\"container\">\n\t\t\t\t\t<div class=\"e-con-inner\">\n\t\t\t\t<div class=\"elementor-element elementor-element-94f30a9 elementor-widget elementor-widget-formidable\" data-id=\"94f30a9\" data-element_type=\"widget\" data-widget_type=\"formidable.default\">\n\t\t\t\t<div class=\"elementor-widget-container\">\n\t\t\t<div class=\"frm_forms  with_frm_style frm_style_style-formidable\" id=\"frm_form_1_container\" >\n<form enctype=\"multipart\/form-data\" method=\"post\" class=\"frm-show-form \" id=\"form_contact-form\" >\n<div class=\"frm_form_fields \">\n<fieldset>\n<legend class=\"frm_screen_reader\">Contact Us<\/legend>\n\n<div class=\"frm_fields_container\">\n<input type=\"hidden\" name=\"frm_action\" value=\"create\" \/>\n<input type=\"hidden\" name=\"form_id\" value=\"1\" \/>\n<input type=\"hidden\" name=\"frm_hide_fields_1\" id=\"frm_hide_fields_1\" value=\"\" \/>\n<input type=\"hidden\" name=\"form_key\" value=\"contact-form\" \/>\n<input type=\"hidden\" name=\"item_meta[0]\" value=\"\" \/>\n<input type=\"hidden\" id=\"frm_submit_entry_1\" name=\"frm_submit_entry_1\" value=\"c6ef817717\" \/><input type=\"hidden\" name=\"_wp_http_referer\" value=\"\/index.php\/wp-json\/wp\/v2\/pages\/53\" \/><div id=\"frm_field_1_container\" class=\"frm_form_field form-field  frm_required_field frm_top_container frm_first frm_half\">\n\t<label for=\"field_qh4icy\" id=\"field_qh4icy_label\" class=\"frm_primary_label\">Name\n\t\t<span class=\"frm_required\" aria-hidden=\"true\">*<\/span>\n\t<\/label>\n\t<input type=\"text\" id=\"field_qh4icy\" name=\"item_meta[1]\" value=\"\"  data-reqmsg=\"Name cannot be blank.\" aria-required=\"true\" data-invmsg=\"Name is invalid\" aria-invalid=\"false\"   aria-describedby=\"frm_desc_field_qh4icy\"\/>\n\t<div class=\"frm_description\" id=\"frm_desc_field_qh4icy\">First<\/div>\n\t\n<\/div>\n<div id=\"frm_field_2_container\" class=\"frm_form_field form-field  frm_required_field frm_hidden_container frm_half\">\n\t<label for=\"field_ocfup1\" id=\"field_ocfup1_label\" class=\"frm_primary_label\">Last\n\t\t<span class=\"frm_required\" aria-hidden=\"true\">*<\/span>\n\t<\/label>\n\t<input type=\"text\" id=\"field_ocfup1\" name=\"item_meta[2]\" value=\"\"  data-reqmsg=\"Last cannot be blank.\" aria-required=\"true\" data-invmsg=\"Last is invalid\" aria-invalid=\"false\"   aria-describedby=\"frm_desc_field_ocfup1\"\/>\n\t<div class=\"frm_description\" id=\"frm_desc_field_ocfup1\">Last<\/div>\n\t\n<\/div>\n<div id=\"frm_field_3_container\" class=\"frm_form_field form-field  frm_required_field frm_top_container frm_full\">\n\t<label for=\"field_29yf4d\" id=\"field_29yf4d_label\" class=\"frm_primary_label\">Email\n\t\t<span class=\"frm_required\" aria-hidden=\"true\">*<\/span>\n\t<\/label>\n\t<input type=\"email\" id=\"field_29yf4d\" name=\"item_meta[3]\" value=\"\"  data-reqmsg=\"Email cannot be blank.\" aria-required=\"true\" data-invmsg=\"Please enter a valid email address\" aria-invalid=\"false\"  \/>\n\t\n\t\n<\/div>\n<div id=\"frm_field_4_container\" class=\"frm_form_field form-field  frm_required_field frm_top_container frm_full\">\n\t<label for=\"field_e6lis6\" id=\"field_e6lis6_label\" class=\"frm_primary_label\">Subject\n\t\t<span class=\"frm_required\" aria-hidden=\"true\">*<\/span>\n\t<\/label>\n\t<input type=\"text\" id=\"field_e6lis6\" name=\"item_meta[4]\" value=\"\"  data-reqmsg=\"Subject cannot be blank.\" aria-required=\"true\" data-invmsg=\"Subject is invalid\" aria-invalid=\"false\"  \/>\n\t\n\t\n<\/div>\n<div id=\"frm_field_5_container\" class=\"frm_form_field form-field  frm_required_field frm_top_container frm_full\">\n\t<label for=\"field_9jv0r1\" id=\"field_9jv0r1_label\" class=\"frm_primary_label\">Message\n\t\t<span class=\"frm_required\" aria-hidden=\"true\">*<\/span>\n\t<\/label>\n\t<textarea name=\"item_meta[5]\" id=\"field_9jv0r1\" rows=\"5\"  data-reqmsg=\"Message cannot be blank.\" aria-required=\"true\" data-invmsg=\"Message is invalid\" aria-invalid=\"false\"  ><\/textarea>\n\t\n\t\n<\/div>\n\t<input type=\"hidden\" name=\"item_key\" value=\"\" \/>\n\t\t\t\t<div class=\"frm__66fea2a79e5a9\">\n\t\t\t\t<label for=\"frm_email_1\" >\n\t\t\t\t\tIf you are human, leave this field blank.\t\t\t\t<\/label>\n\t\t\t\t<input  id=\"frm_email_1\" type=\"text\" class=\"frm_verify\" name=\"frm__66fea2a79e5a9\" value=\"\" autocomplete=\"off\"  \/>\n\t\t\t<\/div>\n\t\t<div class=\"frm_submit frm_flex\">\n<button class=\"frm_button_submit\" type=\"submit\"  >Envoyer<\/button>\n\n\n\n<\/div><\/div>\n<\/fieldset>\n<\/div>\n<p style=\"display: none !important;\" class=\"akismet-fields-container\" data-prefix=\"ak_\"><label>&#916;<textarea name=\"ak_hp_textarea\" cols=\"45\" rows=\"8\" maxlength=\"100\"><\/textarea><\/label><input type=\"hidden\" id=\"ak_js_1\" name=\"ak_js\" value=\"199\"\/><script>document.getElementById( \"ak_js_1\" ).setAttribute( \"value\", ( new Date() ).getTime() );<\/script><\/p><\/form>\n<\/div>\n\t\t<\/div>\n\t\t\t\t<\/div>\n\t\t\t\t\t<\/div>\n\t\t\t\t<\/div>\n\t\t\t\t<\/div>\n\t\t","protected":false},"excerpt":{"rendered":"<p>Virginie Kindt Designer graphique en Corse-du-Sud Je m&#8217;appelle Virginie, passionn\u00e9e et perfectionniste dans le domaine de la communication visuelle. Forte d&#8217;une solide exp\u00e9rience dans le domaine du graphisme, j&#8217;aime avant tout donner vie \u00e0 des id\u00e9es et cr\u00e9er des univers visuels uniques. Mon travail consiste \u00e0 la cr\u00e9ation de logos, d\u2019identit\u00e9s visuelles, de supports de &hellip; <\/p>\n","protected":false},"author":1,"featured_media":0,"parent":0,"menu_order":0,"comment_status":"closed","ping_status":"closed","template":"elementor_canvas","meta":{"footnotes":""},"class_list":["post-53","page","type-page","status-publish","hentry"],"_links":{"self":[{"href":"https:\/\/virginiekindt.com\/index.php\/wp-json\/wp\/v2\/pages\/53","targetHints":{"allow":["GET"]}}],"collection":[{"href":"https:\/\/virginiekindt.com\/index.php\/wp-json\/wp\/v2\/pages"}],"about":[{"href":"https:\/\/virginiekindt.com\/index.php\/wp-json\/wp\/v2\/types\/page"}],"author":[{"embeddable":true,"href":"https:\/\/virginiekindt.com\/index.php\/wp-json\/wp\/v2\/users\/1"}],"replies":[{"embeddable":true,"href":"https:\/\/virginiekindt.com\/index.php\/wp-json\/wp\/v2\/comments?post=53"}],"version-history":[{"count":36,"href":"https:\/\/virginiekindt.com\/index.php\/wp-json\/wp\/v2\/pages\/53\/revisions"}],"predecessor-version":[{"id":132,"href":"https:\/\/virginiekindt.com\/index.php\/wp-json\/wp\/v2\/pages\/53\/revisions\/132"}],"wp:attachment":[{"href":"https:\/\/virginiekindt.com\/index.php\/wp-json\/wp\/v2\/media?parent=53"}],"curies":[{"name":"wp","href":"https:\/\/api.w.org\/{rel}","templated":true}]}}